{"id":772,"date":"2023-01-24T15:08:19","date_gmt":"2023-01-24T15:08:19","guid":{"rendered":"https:\/\/christiangarcia.cat\/avis-legal\/"},"modified":"2023-03-28T09:34:12","modified_gmt":"2023-03-28T09:34:12","slug":"aviso-legal","status":"publish","type":"page","link":"https:\/\/christiangarcia.cat\/es\/aviso-legal\/","title":{"rendered":"Aviso legal"},"content":{"rendered":"\n<h2 class=\"wp-block-heading\">INFORMACI\u00d3N GENERAL DE LA SEDE ELECTR\u00d3NICA CHRISTIANGARCIA.CAT<\/h2>\n\n\n\n<p>Has accedido a la web de christiangarcia.cat<br><br>El uso y acceso a los contenidos de esta p\u00e1gina web implica el conocimiento y aceptaci\u00f3n de las condiciones de acceso y uso que constan en este aviso legal, as\u00ed como la pol\u00edtica de privacidad y datos personales. Estas condiciones tienen como objetivo regular el acceso, navegaci\u00f3n y uso y poner en conocimiento de los usuarios los derechos, usos, prohibiciones, responsabilidades, etc., que rigen a la hora de navegar en este sitio web. El usuario se compromete a utilizar los servicios y la informaci\u00f3n facilitada en el portal bajo criterios de buena fe.<br><br>christiangarcia.cat, a trav\u00e9s del cual se accede a la plataforma, es un dominio de Christian Garcia, con NIF: 00000000 y domicilio social en Barcelona. Mediante el dominio christiangarcia.cat, la empresa gestiona su portal web, sin perjuicio de que, puntual o permanentemente, puedan existir otras direcciones electr\u00f3nicas que tambi\u00e9n permitan acceder a los contenidos y servicios prestados a trav\u00e9s del sitio web christiangarcia.cat.<\/p>\n\n\n\n<p>ACCESO DE LOS USUARIOS<br><br>El acceso y\/o uso de este sitio web atribuye la condici\u00f3n de usuario. El acceso inicial al portal es gratuito. Sin embargo, puede haber funcionalidades o servicios sujetos al pago de un precio en las condiciones que en cada caso se establezcan.<br><br>En caso de que para utilizar determinadas funciones o servicios se requiera el registro del usuario, este registro se efectuar\u00e1 mediante formularios de recaudaci\u00f3n de datos y con sujeci\u00f3n a las prevenciones de la legislaci\u00f3n de protecci\u00f3n de datos personales que se describen en este aviso legal.<br><br>Para utilizar el portal los menores de edad tendr\u00e1n que disponer del permiso de los padres, madres o representantes legales, que ser\u00e1n responsables.<\/p>\n\n\n\n<p>PROTECCI\u00d3N DE LOS DERECHOS DE PROPIEDAD INTELECTUAL E INDUSTRIAL Y RESERVA DE DERECHOS<br><br>Los derechos de explotaci\u00f3n de la propiedad intelectual e industrial del portal christiangarcia.cat son titularidad de Christian Garcia. esto incluye los contenidos, v\u00eddeos, audios, textos, dise\u00f1os, fotograf\u00edas, bases de datos, im\u00e1genes y otros elementos gr\u00e1ficos, su c\u00f3digo fuente, dise\u00f1o, estructura de navegaci\u00f3n, informaciones, as\u00ed como cualquier otra creaci\u00f3n protegida por las leyes estatales y los tratados internacionales sobre propiedad intelectual e industrial. Por tanto, corresponde a Christian Garcia el ejercicio en exclusiva de los derechos de explotaci\u00f3n en cualquier forma y, en concreto, de los derechos de reproducci\u00f3n, distribuci\u00f3n, comunicaci\u00f3n p\u00fablica y transformaci\u00f3n. Cualquier uso o reproducci\u00f3n que los usuarios hagan de estos contenidos, u otros que se puedan incluir en el futuro, deben realizarse siguiendo las previsiones y respetando las limitaciones de la normativa de propiedad intelectual y en cualquier caso con la autorizaci\u00f3n de Christian Garcia sin perjuicio de los l\u00edmites que establece el Real Decreto 1\/1996, de 12 de abril, por el que se aprueba el texto refundido de la Ley de propiedad intelectual.<br><br>Christian Garcia hace expl\u00edcita una reserva de derechos con car\u00e1cter general respecto al conjunto de los contenidos difundidos en el sitio web que son objeto de propiedad intelectual e industrial. En ning\u00fan caso se entender\u00e1 que permitir a los usuarios el acceso a la p\u00e1gina web implica una renuncia, transmisi\u00f3n, licencia o cesi\u00f3n, total ni parcial, de estos derechos por parte de Christian Garcia.<br><br>No se autoriza en ning\u00fan caso:<br><br>La presentaci\u00f3n de una p\u00e1gina del portal Christian Garcia o cualquier contenido de esta p\u00e1gina en una web que no pertenezca a Christian Garcia por medio de cualquier t\u00e9cnica o procedimiento, incluyendo framing, in line, linking, etc.<br><br>La extracci\u00f3n de elementos del sitio web que cause perjuicio a Christian Garcia de acuerdo a las disposiciones vigentes.<br><br>El uso comercial de los contenidos del sitio web christiangarcia.cat.<br><br>El uso de marcas o signos distintivos, logotipos, combinaciones de colores, estructura, dise\u00f1o y, en general, s\u00edmbolos distintivos de cualquier naturaleza, propiedad de Christian Garcia, sin el conocimiento y autorizaci\u00f3n correspondiente de la empresa.<br><br>El uso de contenidos en actividades il\u00edcitas, ilegales o contrarias a la buena fe y el orden p\u00fablico.<br><br>Difundir contenidos o propaganda de car\u00e1cter racista o xen\u00f3fobo, pornogr\u00e1fico, ilegal o que atente contra los derechos humanos.<br><br>Provocar da\u00f1os en los sistemas f\u00edsicos y l\u00f3gicos de Christian Garcia, de sus proveedores o de terceras personas; introducir o difundir en la red virus inform\u00e1ticos u otros sistemas f\u00edsicos o l\u00f3gicos que sean susceptibles de provocar da\u00f1os anteriormente citados.<br><br>Intentar acceder y, en su caso, utilizar las cuentas de correo electr\u00f3nico de otros usuarios y modificar o manipular sus mensajes. El usuario podr\u00e1 visualizar los contenidos de este portal, y copiarlos, imprimirlos en su ordenador o cualquier otro soporte s\u00f3lo para su uso personal y privado.<\/p>\n\n\n\n<p>RESPONSABILIDAD EN RELACI\u00d3N CON LOS CONTENIDOS<br><br>Christian Garcia se reserva el derecho de modificar los contenidos de la web y eliminarlos, as\u00ed como tambi\u00e9n de limitar o impedir el acceso a la web, ya sea temporalmente o de forma definitiva, sin notificaci\u00f3n previa. Los contenidos disponibles a trav\u00e9s de christiangarcia.cat son puestos a disposici\u00f3n del usuario por Christian Garcia a partir de informaciones generadas por s\u00ed misma o procedentes de terceros. Christian Garcia procura que estos contenidos sean de la mayor calidad posible y est\u00e9n razonablemente actualizados, pero no garantiza su utilidad, idoneidad, exactitud, exhaustividad, pertinencia y\/o actualidad. El usuario puede dirigirse a Christian Garcia para contrastar la exactitud y actualidad de los contenidos a trav\u00e9s de la direcci\u00f3n de correo electr\u00f3nico y elchristiangm@gmail.com. En consecuencia, y salvo lo dispuesto en las normas imperativas que sean de aplicaci\u00f3n, Christian Garcia no asume ninguna responsabilidad ante el usuario derivada de la existencia de informaciones err\u00f3neas, inexactas, no exhaustivas, impertinentes o no actualizadas.<br><br>Christian Garcia no se hace responsable del acceso t\u00e9cnico, informaci\u00f3n o contenidos de otras p\u00e1ginas web a las que remite o con las que se pueda enlazar desde el portal christiangarcia.cat.<br><br>Christian Garcia no se identifica necesariamente con las opiniones expresadas por sus colaboradores.<\/p>\n\n\n\n<p>PARTICIPACI\u00d3N EN ACCIONES ESPEC\u00cdFICAS<br><br>El portal christiangarcia.cat puede ofrecer acciones de participaci\u00f3n espec\u00edficas a los usuarios, tales como la presentaci\u00f3n de proyectos o propuestas relacionadas con la actividad de Christian Garcia. La participaci\u00f3n en cualquier acci\u00f3n ser\u00e1 voluntaria y supondr\u00e1 la aceptaci\u00f3n de las condiciones que en cada caso se establezcan y que el usuario deber\u00e1 aceptar expresamente. Las acciones de participaci\u00f3n se dirigir\u00e1n, b\u00e1sicamente, a mayores de 18 a\u00f1os.<br><br>Todos los contenidos generados por los usuarios o que incluyan voluntariamente en las acciones de participaci\u00f3n, se regir\u00e1n por sus condiciones espec\u00edficas. El usuario debe ser el propietario del contenido o bien debe disponer de sus derechos de explotaci\u00f3n y, por tanto, deber\u00e1 haber conseguido el consentimiento de su autor. No se puede vulnerar en modo alguno ning\u00fan derecho de propiedad intelectual, industrial o ning\u00fan derecho exclusivo que pertenezca a terceros; por tanto, no se aceptar\u00e1n archivos que vulneren las leyes de propiedad intelectual vigentes en todo momento.<\/p>\n\n\n\n<p>REDES SOCIALES Y FOROS<br><br>El portal christiangarcia.cat dispone de funcionalidades de acceso a redes sociales (facebook, twitter, etc.) y secciones de car\u00e1cter p\u00fablico, entendiendo como tales aquellas que son accesibles para todos los usuarios para interactuar con posibilidad de insertar comentarios, enlaces, elementos multimedia, im\u00e1genes, etc. En determinados casos podr\u00e1 solicitarse el registro del usuario.<br><br>En relaci\u00f3n con los contenidos e interacciones que el usuario decida enviar o efectuar, se establecen las siguientes condiciones de uso y acceso:<br><br>Responsabilidades: Christian Garcia no se hace responsable del contenido de los mensajes, informaciones, opiniones que efect\u00faen los usuarios y se reserva el derecho de impedir el acceso a contenidos il\u00edcitos o ileg\u00edtimos o que puedan perjudicar derechos leg\u00edtimos de cualquier tipo, o de retirar o eliminar los que se hayan aportado, en especial en caso de incumplimiento de estas condiciones.<br><br>No atribuir\u00e1 al usuario ning\u00fan derecho, y su uso se sujetar\u00e1 a la legislaci\u00f3n vigente y, en el caso de las redes sociales, a las condiciones de la propia red.<br><br>Propiedad intelectual: Christian Garcia tendr\u00e1 derecho a reproducir, modificar, adaptar y publicar, incluyendo comunicaci\u00f3n p\u00fablica, contenidos, ya sean textos, fotograf\u00edas, gr\u00e1ficos, etc., con el objeto de promover la secci\u00f3n a la que se han enviado, as\u00ed como para utilizarlos en las actividades de Christian Garcia, en cualquier formato y soporte. La licencia es gratuita y se establece por el tiempo hasta su paso al dominio p\u00fablico que permita en cada momento la legislaci\u00f3n de propiedad intelectual vigente. Los usuarios s\u00f3lo enviar\u00e1n contenidos de los que sean los autores originales o dispongan de los derechos de su titular, sin perjuicio de informar de la URL del propietario o derechohabiente para enlazar con estos contenidos.<br><br>Christian Garcia no devolver\u00e1 ning\u00fan contenido de los env\u00edos ni adquiere ninguna obligaci\u00f3n de contestar a los usuarios.<br><br>Los datos personales que consten en la funcionalidad afectada y sus contenidos no pueden utilizarse en beneficio o en usos que no hayan sido autorizados expresamente por su titular. El usuario responder\u00e1 de la veracidad de los datos facilitados.<br><br>Los usuarios respetar\u00e1n las opiniones de los dem\u00e1s usuarios o participantes, y se abstendr\u00e1n de utilizar un lenguaje ofensivo o difamatorio, racista o violento o que atente contra la legalidad vigente.<br><br>No se podr\u00e1n realizar comunicaciones comerciales ni no autorizadas.<br><br>Es necesario advertir que los datos personales que faciliten los usuarios podr\u00e1n ser vistos por cualquier otro usuario o participante. Si se trata de datos de terceros, es necesario disponer de su consentimiento expreso con los l\u00edmites legales.<\/p>\n\n\n\n<p>MODIFICACI\u00d3N DEL AVISO LEGAL<br><br>Christian Garcia se reserva el derecho de modificaci\u00f3n unilateral de las condiciones establecidas en este aviso legal en cualquier momento, en su totalidad o parcialmente. La modificaci\u00f3n surtir\u00e1 efectos desde su publicaci\u00f3n en la p\u00e1gina web; m\u00e1s concretamente, desde su inserci\u00f3n en el link \u201cAviso Legal\u201d.<br><br>Christian Garcia aconseja que cada vez que los usuarios accedan a la p\u00e1gina web lean este aviso legal.<\/p>\n\n\n\n<p>GENERALIDADES<br><br>Christian Garcia perseguir\u00e1 el incumplimiento de estas condiciones as\u00ed como cualquier utilizaci\u00f3n indebida de sus sitios web ejerciendo todas las acciones civiles y penales que puedan corresponderle por derecho.<br><br>Christian Garcia no puede garantizar que el portal y el servidor est\u00e9n libres de virus, por lo que no se hace responsable de los da\u00f1os o perjuicios que puedan causarse por estas anomal\u00edas o cualquier otra de \u00edndole t\u00e9cnica.<\/p>\n\n\n\n<p>LEGISLACI\u00d3N APLICABLE Y JURISDICCI\u00d3N<br><br>Los litigios derivados de la aplicaci\u00f3n de las condiciones de este aviso legal se regir\u00e1n por la Ley espa\u00f1ola. Christian Garcia y el usuario, con renuncia expresa a cualquier otro fuero, se someten al de los juzgados y tribunales de la ciudad de Barcelona.<\/p>\n","protected":false},"excerpt":{"rendered":"<p>INFORMACI\u00d3N GENERAL DE LA SEDE ELECTR\u00d3NICA CHRISTIANGARCIA.CAT Has accedido a la web de christiangarcia.cat El uso y acceso a los contenidos de esta p\u00e1gina web implica el conocimiento y aceptaci\u00f3n de las condiciones de acceso y uso que constan en este aviso legal, as\u00ed como la pol\u00edtica de privacidad y datos personales. Estas condiciones tienen &hellip; <a href=\"https:\/\/christiangarcia.cat\/es\/aviso-legal\/\">Continued<\/a><\/p>\n","protected":false},"author":1,"featured_media":0,"parent":0,"menu_order":0,"comment_status":"closed","ping_status":"closed","template":"","meta":{"_acf_changed":false,"footnotes":""},"class_list":["post-772","page","type-page","status-publish","hentry"],"acf":[],"yoast_head":"<title>Aviso legal | Christian Garcia<\/title>\n<meta name=\"robots\" content=\"index, follow, max-snippet:-1, max-image-preview:large, max-video-preview:-1\" \/>\n<link rel=\"canonical\" href=\"https:\/\/christiangarcia.cat\/es\/aviso-legal\/\" \/>\n<meta property=\"og:locale\" content=\"es_ES\" \/>\n<meta property=\"og:type\" content=\"article\" \/>\n<meta property=\"og:title\" content=\"Aviso legal | Christian Garcia\" \/>\n<meta property=\"og:description\" content=\"INFORMACI\u00d3N GENERAL DE LA SEDE ELECTR\u00d3NICA CHRISTIANGARCIA.CAT Has accedido a la web de christiangarcia.cat El uso y acceso a los contenidos de esta p\u00e1gina web implica el conocimiento y aceptaci\u00f3n de las condiciones de acceso y uso que constan en este aviso legal, as\u00ed como la pol\u00edtica de privacidad y datos personales. Estas condiciones tienen &hellip; Continued\" \/>\n<meta property=\"og:url\" content=\"https:\/\/christiangarcia.cat\/es\/aviso-legal\/\" \/>\n<meta property=\"og:site_name\" content=\"Christian Garcia\" \/>\n<meta property=\"article:modified_time\" content=\"2023-03-28T09:34:12+00:00\" \/>\n<meta name=\"twitter:card\" content=\"summary_large_image\" \/>\n<meta name=\"twitter:label1\" content=\"Tiempo de lectura\" \/>\n\t<meta name=\"twitter:data1\" content=\"10 minutos\" \/>\n<script type=\"application\/ld+json\" class=\"yoast-schema-graph\">{\"@context\":\"https:\\\/\\\/schema.org\",\"@graph\":[{\"@type\":\"WebPage\",\"@id\":\"https:\\\/\\\/christiangarcia.cat\\\/es\\\/aviso-legal\\\/\",\"url\":\"https:\\\/\\\/christiangarcia.cat\\\/es\\\/aviso-legal\\\/\",\"name\":\"Aviso legal | Christian Garcia\",\"isPartOf\":{\"@id\":\"https:\\\/\\\/christiangarcia.lndo.site\\\/#website\"},\"datePublished\":\"2023-01-24T15:08:19+00:00\",\"dateModified\":\"2023-03-28T09:34:12+00:00\",\"breadcrumb\":{\"@id\":\"https:\\\/\\\/christiangarcia.cat\\\/es\\\/aviso-legal\\\/#breadcrumb\"},\"inLanguage\":\"es\",\"potentialAction\":[{\"@type\":\"ReadAction\",\"target\":[\"https:\\\/\\\/christiangarcia.cat\\\/es\\\/aviso-legal\\\/\"]}]},{\"@type\":\"BreadcrumbList\",\"@id\":\"https:\\\/\\\/christiangarcia.cat\\\/es\\\/aviso-legal\\\/#breadcrumb\",\"itemListElement\":[{\"@type\":\"ListItem\",\"position\":1,\"name\":\"Home\",\"item\":\"https:\\\/\\\/christiangarcia.cat\\\/es\\\/\"},{\"@type\":\"ListItem\",\"position\":2,\"name\":\"Aviso legal\"}]},{\"@type\":\"WebSite\",\"@id\":\"https:\\\/\\\/christiangarcia.lndo.site\\\/#website\",\"url\":\"https:\\\/\\\/christiangarcia.lndo.site\\\/\",\"name\":\"Christian Garcia\",\"description\":\"\",\"publisher\":{\"@id\":\"https:\\\/\\\/christiangarcia.lndo.site\\\/#\\\/schema\\\/person\\\/c59fc7f39331fc14454f5dee2a427b67\"},\"potentialAction\":[{\"@type\":\"SearchAction\",\"target\":{\"@type\":\"EntryPoint\",\"urlTemplate\":\"https:\\\/\\\/christiangarcia.lndo.site\\\/?s={search_term_string}\"},\"query-input\":{\"@type\":\"PropertyValueSpecification\",\"valueRequired\":true,\"valueName\":\"search_term_string\"}}],\"inLanguage\":\"es\"},{\"@type\":[\"Person\",\"Organization\"],\"@id\":\"https:\\\/\\\/christiangarcia.lndo.site\\\/#\\\/schema\\\/person\\\/c59fc7f39331fc14454f5dee2a427b67\",\"name\":\"Christian Garcia\",\"image\":{\"@type\":\"ImageObject\",\"inLanguage\":\"es\",\"@id\":\"https:\\\/\\\/christiangarcia.cat\\\/app\\\/uploads\\\/2023\\\/02\\\/webClip-1.png\",\"url\":\"https:\\\/\\\/christiangarcia.cat\\\/app\\\/uploads\\\/2023\\\/02\\\/webClip-1.png\",\"contentUrl\":\"https:\\\/\\\/christiangarcia.cat\\\/app\\\/uploads\\\/2023\\\/02\\\/webClip-1.png\",\"width\":512,\"height\":512,\"caption\":\"Christian Garcia\"},\"logo\":{\"@id\":\"https:\\\/\\\/christiangarcia.cat\\\/app\\\/uploads\\\/2023\\\/02\\\/webClip-1.png\"},\"sameAs\":[\"https:\\\/\\\/christiangarcia.cat\\\/\",\"https:\\\/\\\/www.linkedin.com\\\/in\\\/christiangarciamontagut\\\/\",\"https:\\\/\\\/www.youtube.com\\\/@ChristianGarciaMontagut\",\"https:\\\/\\\/es.wikipedia.org\\\/wiki\\\/Christian_Garcia_i_Montagut\"]}]}<\/script>","yoast_head_json":{"title":"Aviso legal | Christian Garcia","robots":{"index":"index","follow":"follow","max-snippet":"max-snippet:-1","max-image-preview":"max-image-preview:large","max-video-preview":"max-video-preview:-1"},"canonical":"https:\/\/christiangarcia.cat\/es\/aviso-legal\/","og_locale":"es_ES","og_type":"article","og_title":"Aviso legal | Christian Garcia","og_description":"INFORMACI\u00d3N GENERAL DE LA SEDE ELECTR\u00d3NICA CHRISTIANGARCIA.CAT Has accedido a la web de christiangarcia.cat El uso y acceso a los contenidos de esta p\u00e1gina web implica el conocimiento y aceptaci\u00f3n de las condiciones de acceso y uso que constan en este aviso legal, as\u00ed como la pol\u00edtica de privacidad y datos personales. Estas condiciones tienen &hellip; Continued","og_url":"https:\/\/christiangarcia.cat\/es\/aviso-legal\/","og_site_name":"Christian Garcia","article_modified_time":"2023-03-28T09:34:12+00:00","twitter_card":"summary_large_image","twitter_misc":{"Tiempo de lectura":"10 minutos"},"schema":{"@context":"https:\/\/schema.org","@graph":[{"@type":"WebPage","@id":"https:\/\/christiangarcia.cat\/es\/aviso-legal\/","url":"https:\/\/christiangarcia.cat\/es\/aviso-legal\/","name":"Aviso legal | Christian Garcia","isPartOf":{"@id":"https:\/\/christiangarcia.lndo.site\/#website"},"datePublished":"2023-01-24T15:08:19+00:00","dateModified":"2023-03-28T09:34:12+00:00","breadcrumb":{"@id":"https:\/\/christiangarcia.cat\/es\/aviso-legal\/#breadcrumb"},"inLanguage":"es","potentialAction":[{"@type":"ReadAction","target":["https:\/\/christiangarcia.cat\/es\/aviso-legal\/"]}]},{"@type":"BreadcrumbList","@id":"https:\/\/christiangarcia.cat\/es\/aviso-legal\/#breadcrumb","itemListElement":[{"@type":"ListItem","position":1,"name":"Home","item":"https:\/\/christiangarcia.cat\/es\/"},{"@type":"ListItem","position":2,"name":"Aviso legal"}]},{"@type":"WebSite","@id":"https:\/\/christiangarcia.lndo.site\/#website","url":"https:\/\/christiangarcia.lndo.site\/","name":"Christian Garcia","description":"","publisher":{"@id":"https:\/\/christiangarcia.lndo.site\/#\/schema\/person\/c59fc7f39331fc14454f5dee2a427b67"},"potentialAction":[{"@type":"SearchAction","target":{"@type":"EntryPoint","urlTemplate":"https:\/\/christiangarcia.lndo.site\/?s={search_term_string}"},"query-input":{"@type":"PropertyValueSpecification","valueRequired":true,"valueName":"search_term_string"}}],"inLanguage":"es"},{"@type":["Person","Organization"],"@id":"https:\/\/christiangarcia.lndo.site\/#\/schema\/person\/c59fc7f39331fc14454f5dee2a427b67","name":"Christian Garcia","image":{"@type":"ImageObject","inLanguage":"es","@id":"https:\/\/christiangarcia.cat\/app\/uploads\/2023\/02\/webClip-1.png","url":"https:\/\/christiangarcia.cat\/app\/uploads\/2023\/02\/webClip-1.png","contentUrl":"https:\/\/christiangarcia.cat\/app\/uploads\/2023\/02\/webClip-1.png","width":512,"height":512,"caption":"Christian Garcia"},"logo":{"@id":"https:\/\/christiangarcia.cat\/app\/uploads\/2023\/02\/webClip-1.png"},"sameAs":["https:\/\/christiangarcia.cat\/","https:\/\/www.linkedin.com\/in\/christiangarciamontagut\/","https:\/\/www.youtube.com\/@ChristianGarciaMontagut","https:\/\/es.wikipedia.org\/wiki\/Christian_Garcia_i_Montagut"]}]}},"_links":{"self":[{"href":"https:\/\/christiangarcia.cat\/es\/wp-json\/wp\/v2\/pages\/772","targetHints":{"allow":["GET"]}}],"collection":[{"href":"https:\/\/christiangarcia.cat\/es\/wp-json\/wp\/v2\/pages"}],"about":[{"href":"https:\/\/christiangarcia.cat\/es\/wp-json\/wp\/v2\/types\/page"}],"author":[{"embeddable":true,"href":"https:\/\/christiangarcia.cat\/es\/wp-json\/wp\/v2\/users\/1"}],"replies":[{"embeddable":true,"href":"https:\/\/christiangarcia.cat\/es\/wp-json\/wp\/v2\/comments?post=772"}],"version-history":[{"count":1,"href":"https:\/\/christiangarcia.cat\/es\/wp-json\/wp\/v2\/pages\/772\/revisions"}],"predecessor-version":[{"id":774,"href":"https:\/\/christiangarcia.cat\/es\/wp-json\/wp\/v2\/pages\/772\/revisions\/774"}],"wp:attachment":[{"href":"https:\/\/christiangarcia.cat\/es\/wp-json\/wp\/v2\/media?parent=772"}],"curies":[{"name":"wp","href":"https:\/\/api.w.org\/{rel}","templated":true}]}}