{"id":781,"date":"2023-01-24T14:14:57","date_gmt":"2023-01-24T14:14:57","guid":{"rendered":"https:\/\/christiangarcia.cat\/el-disseny\/"},"modified":"2023-03-29T09:17:08","modified_gmt":"2023-03-29T09:17:08","slug":"el-diseno","status":"publish","type":"page","link":"https:\/\/christiangarcia.cat\/es\/el-diseno\/","title":{"rendered":"El dise\u00f1o"},"content":{"rendered":"<section>\n  <div class=\"container pt-8 pb-20 lg:pt-12 lg:pb-24\">\n    <h1\n      class=\"text-[16vw] sm:text-[20vw] md:text-[100px] lg:text-[130px] xl:text-[170px] 2xl:text-[200px] font-bold -tracking-wider leading-none break-words hyphens\">\n      El dise\u00f1o<\/h1>\n  <\/div>\n<\/section>\n\n\n<section class=\"text-appear\">\n    <div class=\"container py-14\">\n      <article class=\" max-w-2xl  text-3xl\">\n        <p><strong>Este sitio web tiene un dise\u00f1o especialmente optimizado para personas con discapacidades visuales. <\/strong><\/p>\n<p>&nbsp;<\/p>\n<p>De esta forma, se ha trabajado siguiendo las WCAG1 (Web Accessibility Guidelines) para conseguir el m\u00e1ximo nivel de accesibilidad.<\/p>\n\n      <\/article>\n    <\/div>\n  <\/section>\n\n\n<section class=\"relative\">\n  <div class=\"absolute inset-0 opacity-30 pattern-malaltia\"><\/div>\n  <div class=\"absolute inset-x-0 top-0 bottom-1\/2 bg-gradient-to-b from-gray-1300 to-transparent\"><\/div>\n  <div class=\"absolute inset-x-0 bottom-0 top-1\/2 bg-gradient-to-t from-gray-1300 to-transparent\"><\/div>\n  <div class=\"container relative z-20 py-32\">\n    <div class=\"flex flex-col items-center gap-16 text-appear\">\n      <div class=\"flex flex-col items-center gap-14\">\n                      <\/div>\n            <p class=\" text-5xl font-medium tracking-wide text-center sm:text-6xl xl:text-8xl\">The power of the Web is in its universality.<br \/>\r\nAccess by everyone regardless of disability is an essential aspect.<\/p>\n            <p class=\"max-w-xl text-2xl font-bold tracking-wide text-center\">Tim Berners-Lee, W3C Director and inventor of the World Wide Web<\/p>\n          <\/div>\n  <\/div>\n<\/section>\n\n\n<section>\n    <div class=\"container flex flex-col items-center py-14 gap-14 text-appear\">\n              <p class=\"text-lg text-center\">C\u00e1lculo<\/p>\n                    <h2 class=\"font-serif italic text-center text-9xl xl:text-10xl\">\n        Niveles\n        <\/h2>\n            <div class=\"flex flex-wrap items-start justify-center w-full max-w-6xl gap-y-8\">\n                  <div class=\"w-full sm:px-4 sm:w-1\/2 lg:w-1\/3 xl:px-8\">\n            <div class=\"relative flex items-center justify-center p-6 text-center border aspect-square border-gray-50 rounded-[50px] md:rounded-[70px]\">\n              <div class=\"absolute inset-0 rounded-[50px] md:rounded-[70px] pattern-a11y opacity-30 -z-20\">\n                <div class=\"absolute inset-0 rounded-[50px] md:rounded-[70px]\" style=\"background: linear-gradient(180deg, #0A0A0A 38.57%, rgba(10, 10, 10, 0.5) 100%);\"><\/div>\n              <\/div>\n              <div class=\"flex flex-col items-center gap-12\">\n                <div class=\"font-medium text-10xl\">A<\/div>\n                <div class=\"text-xl\">M\u00ednimo aceptado, se tienen en cuenta elementos b\u00e1sicos<\/div>\n              <\/div>\n            <\/div>\n          <\/div>\n                  <div class=\"w-full sm:px-4 sm:w-1\/2 lg:w-1\/3 xl:px-8\">\n            <div class=\"relative flex items-center justify-center p-6 text-center border aspect-square border-gray-50 rounded-[50px] md:rounded-[70px]\">\n              <div class=\"absolute inset-0 rounded-[50px] md:rounded-[70px] pattern-a11y opacity-30 -z-20\">\n                <div class=\"absolute inset-0 rounded-[50px] md:rounded-[70px]\" style=\"background: linear-gradient(180deg, #0A0A0A 38.57%, rgba(10, 10, 10, 0.5) 100%);\"><\/div>\n              <\/div>\n              <div class=\"flex flex-col items-center gap-12\">\n                <div class=\"font-medium text-10xl\">AA<\/div>\n                <div class=\"text-xl\">El nivel es correcto, se consideran algunos aspectos<\/div>\n              <\/div>\n            <\/div>\n          <\/div>\n                  <div class=\"w-full sm:px-4 sm:w-1\/2 lg:w-1\/3 xl:px-8\">\n            <div class=\"relative flex items-center justify-center p-6 text-center border aspect-square border-gray-50 rounded-[50px] md:rounded-[70px]\">\n              <div class=\"absolute inset-0 rounded-[50px] md:rounded-[70px] pattern-a11y opacity-30 -z-20\">\n                <div class=\"absolute inset-0 rounded-[50px] md:rounded-[70px]\" style=\"background: linear-gradient(180deg, #0A0A0A 38.57%, rgba(10, 10, 10, 0.5) 100%);\"><\/div>\n              <\/div>\n              <div class=\"flex flex-col items-center gap-12\">\n                <div class=\"font-medium text-10xl\">AAA<\/div>\n                <div class=\"text-xl\">El m\u00e1s alto, el nivel al que deber\u00eda aspirarse<\/div>\n              <\/div>\n            <\/div>\n          <\/div>\n              <\/div>\n    <\/div>\n  <\/section>\n\n\n<section class=\"text-appear\">\n    <div class=\"container py-14\">\n      <article class=\" max-w-2xl  text-3xl\">\n        <p>Por el dise\u00f1o del sitio web, se han tenido en cuenta los est\u00e1ndares de accesibilidad marcados por WCAG.<\/p>\n\n      <\/article>\n    <\/div>\n  <\/section>\n\n\n<section>\n    <div class=\"container flex flex-col py-14 gap-14  sm:pb-36 \">\n              <p class=\"max-w-2xl text-2xl sm:text-3xl\">Los principios b\u00e1sicos son:<\/p>\n            <article class=\"text-5xl font-medium sm:text-6xl  text-write\">\n      <p>Perceptible, Operable, Comprensible y S\u00f3lido<\/p>\n\n      <\/article>\n    <\/div>\n  <\/section>\n\n\n<section class=\"text-white border-t border-gray-800\">\n    <div class=\"container flex flex-col items-center py-24\">\n      <div class=\"flex flex-col w-full max-w-6xl gap-20 text-appear\">\n\n                  <h2 class=\"font-serif italic break-words text-9xl xl:text-10xl hyphens\">Perceptible<\/h2>\n        \n        <div class=\"flex flex-col gap-28\">\n\n                      \n            <div class=\"grid items-center grid-cols-12 gap-x-4 gap-y-12 sm:gap-x-6\">\n              <div class=\"col-span-12 lg:col-span-6 flex \">\n                <div class=\"flex flex-col max-w-[424px] gap-7\">\n                                      <h3 class=\"font-serif text-6xl italic\">Adaptable<\/h3>\n                                                        <article class=\"text-xl\"><p><strong>Identificar la finalidad de entrada. <\/strong><br \/>\nEl prop\u00f3sito del campo de entrada debe ser claramente identificable.<\/p>\n<\/article>\n                                  <\/div>\n              <\/div>\n              <div class=\"flex col-span-12 lg:col-span-6  lg:justify-center \">\n                <div class=\"w-full max-w-lg\">\n                                      <img decoding=\"async\" width=\"672\" height=\"367\" src=\"https:\/\/christiangarcia.cat\/app\/uploads\/2023\/03\/adaptable.png\" class=\"w-full max-h-[280px] object-contain object-center\" alt=\"\" srcset=\"https:\/\/christiangarcia.cat\/app\/uploads\/2023\/03\/adaptable.png 672w, https:\/\/christiangarcia.cat\/app\/uploads\/2023\/03\/adaptable-300x164.png 300w\" sizes=\"(max-width: 672px) 100vw, 672px\" \/>\n                                  <\/div>\n              <\/div>\n            <\/div>\n                      \n            <div class=\"grid items-center grid-cols-12 gap-x-4 gap-y-12 sm:gap-x-6\">\n              <div class=\"col-span-12 lg:col-span-6 flex \">\n                <div class=\"flex flex-col max-w-[424px] gap-7\">\n                                      <h3 class=\"font-serif text-6xl italic\">Distinguible<\/h3>\n                                                        <article class=\"text-xl\"><p><strong>El color no es el \u00fanico elemento que transmite informaci\u00f3n. <\/strong><br \/>\nSe utilizan interacciones y elementos gr\u00e1ficos para indicar elementos seleccionados.<\/p>\n<\/article>\n                                  <\/div>\n              <\/div>\n              <div class=\"flex col-span-12 lg:col-span-6  lg:justify-center \">\n                <div class=\"w-full max-w-lg\">\n                                      <img decoding=\"async\" width=\"558\" height=\"486\" src=\"https:\/\/christiangarcia.cat\/app\/uploads\/2023\/03\/distingible.png\" class=\"w-full max-h-[280px] object-contain object-center\" alt=\"\" srcset=\"https:\/\/christiangarcia.cat\/app\/uploads\/2023\/03\/distingible.png 558w, https:\/\/christiangarcia.cat\/app\/uploads\/2023\/03\/distingible-300x261.png 300w\" sizes=\"(max-width: 558px) 100vw, 558px\" \/>\n                                  <\/div>\n              <\/div>\n            <\/div>\n                      \n            <div class=\"grid items-center grid-cols-12 gap-x-4 gap-y-12 sm:gap-x-6\">\n              <div class=\"col-span-12 lg:col-span-6 flex  lg:justify-end \">\n                <div class=\"flex flex-col max-w-[424px] gap-7\">\n                                                        <article class=\"text-xl\"><p><strong>Uso de texturas para mostrar que existe un elemento interactivo. <\/strong><br \/>\nLos elementos clicables no cambian s\u00f3lo de color, sino que se integran texturas.<\/p>\n<\/article>\n                                  <\/div>\n              <\/div>\n              <div class=\"flex col-span-12 lg:col-span-6  lg:order-first \">\n                <div class=\"w-full max-w-lg\">\n                                      <img decoding=\"async\" width=\"1070\" height=\"574\" src=\"https:\/\/christiangarcia.cat\/app\/uploads\/2023\/03\/textures.png\" class=\"w-full max-h-[280px] object-contain object-center\" alt=\"\" srcset=\"https:\/\/christiangarcia.cat\/app\/uploads\/2023\/03\/textures.png 1070w, https:\/\/christiangarcia.cat\/app\/uploads\/2023\/03\/textures-300x161.png 300w, https:\/\/christiangarcia.cat\/app\/uploads\/2023\/03\/textures-1024x549.png 1024w, https:\/\/christiangarcia.cat\/app\/uploads\/2023\/03\/textures-768x412.png 768w\" sizes=\"(max-width: 1070px) 100vw, 1070px\" \/>\n                                  <\/div>\n              <\/div>\n            <\/div>\n                      \n            <div class=\"grid items-center grid-cols-12 gap-x-4 gap-y-12 sm:gap-x-6\">\n              <div class=\"col-span-12 lg:col-span-6 flex \">\n                <div class=\"flex flex-col max-w-[424px] gap-7\">\n                                                        <article class=\"text-xl\"><p><strong>Las cajas de texto tienen un ancho m\u00e1ximo de 80 caracteres.<\/strong><br \/>\nEl texto no est\u00e1 justificado y el interlineado en p\u00e1rrafo de texto es de m\u00ednimo 140%.<\/p>\n<\/article>\n                                  <\/div>\n              <\/div>\n              <div class=\"flex col-span-12 lg:col-span-6  lg:justify-center \">\n                <div class=\"w-full max-w-lg\">\n                                      <img decoding=\"async\" width=\"1069\" height=\"392\" src=\"https:\/\/christiangarcia.cat\/app\/uploads\/2023\/03\/capses-de-text.png\" class=\"w-full max-h-[280px] object-contain object-center\" alt=\"\" srcset=\"https:\/\/christiangarcia.cat\/app\/uploads\/2023\/03\/capses-de-text.png 1069w, https:\/\/christiangarcia.cat\/app\/uploads\/2023\/03\/capses-de-text-300x110.png 300w, https:\/\/christiangarcia.cat\/app\/uploads\/2023\/03\/capses-de-text-1024x375.png 1024w, https:\/\/christiangarcia.cat\/app\/uploads\/2023\/03\/capses-de-text-768x282.png 768w\" sizes=\"(max-width: 1069px) 100vw, 1069px\" \/>\n                                  <\/div>\n              <\/div>\n            <\/div>\n          \n        <\/div>\n      <\/div>\n  <\/section>\n\n\n\n<section class=\"text-white border-t border-gray-800\">\n    <div class=\"container flex flex-col items-center py-24\">\n      <div class=\"flex flex-col w-full max-w-6xl gap-20 text-appear\">\n\n                  <h2 class=\"font-serif italic break-words text-9xl xl:text-10xl hyphens\">Operable<\/h2>\n        \n        <div class=\"flex flex-col gap-28\">\n\n                      \n            <div class=\"grid items-center grid-cols-12 gap-x-4 gap-y-12 sm:gap-x-6\">\n              <div class=\"col-span-12 lg:col-span-6 flex \">\n                <div class=\"flex flex-col max-w-[424px] gap-7\">\n                                      <h3 class=\"font-serif text-6xl italic\">Navegable<\/h3>\n                                                        <article class=\"text-xl\"><p><strong>Las p\u00e1ginas tienen t\u00edtulos que definen d\u00f3nde se encuentra el usuario.<\/strong><br \/>\nLos encabezados y etiquetas se utilizan para iniciar el contenido.<\/p>\n<\/article>\n                                  <\/div>\n              <\/div>\n              <div class=\"flex col-span-12 lg:col-span-6  lg:justify-center \">\n                <div class=\"w-full max-w-lg\">\n                                      <img decoding=\"async\" width=\"1152\" height=\"584\" src=\"https:\/\/christiangarcia.cat\/app\/uploads\/2023\/03\/navegable.png\" class=\"w-full max-h-[280px] object-contain object-center\" alt=\"\" srcset=\"https:\/\/christiangarcia.cat\/app\/uploads\/2023\/03\/navegable.png 1152w, https:\/\/christiangarcia.cat\/app\/uploads\/2023\/03\/navegable-300x152.png 300w, https:\/\/christiangarcia.cat\/app\/uploads\/2023\/03\/navegable-1024x519.png 1024w, https:\/\/christiangarcia.cat\/app\/uploads\/2023\/03\/navegable-768x389.png 768w\" sizes=\"(max-width: 1152px) 100vw, 1152px\" \/>\n                                  <\/div>\n              <\/div>\n            <\/div>\n                      \n            <div class=\"grid items-center grid-cols-12 gap-x-4 gap-y-12 sm:gap-x-6\">\n              <div class=\"col-span-12 lg:col-span-6 flex  lg:justify-end \">\n                <div class=\"flex flex-col max-w-[424px] gap-7\">\n                                      <h3 class=\"font-serif text-6xl italic\">Modalidad de entrada<\/h3>\n                                                        <article class=\"text-xl\"><p><strong>El tama\u00f1o del objetivo del puntero es de 44x44px.<\/strong><br \/>\nLos elementos con los que el usuario tienen al menos este tama\u00f1o, a menos que sean frases o blogs de texto, como es el caso de algunos enlaces.<\/p>\n<\/article>\n                                  <\/div>\n              <\/div>\n              <div class=\"flex col-span-12 lg:col-span-6  lg:order-first \">\n                <div class=\"w-full max-w-lg\">\n                                      <img decoding=\"async\" width=\"1152\" height=\"584\" src=\"https:\/\/christiangarcia.cat\/app\/uploads\/2023\/03\/modalitat-entrada.png\" class=\"w-full max-h-[280px] object-contain object-center\" alt=\"\" srcset=\"https:\/\/christiangarcia.cat\/app\/uploads\/2023\/03\/modalitat-entrada.png 1152w, https:\/\/christiangarcia.cat\/app\/uploads\/2023\/03\/modalitat-entrada-300x152.png 300w, https:\/\/christiangarcia.cat\/app\/uploads\/2023\/03\/modalitat-entrada-1024x519.png 1024w, https:\/\/christiangarcia.cat\/app\/uploads\/2023\/03\/modalitat-entrada-768x389.png 768w\" sizes=\"(max-width: 1152px) 100vw, 1152px\" \/>\n                                  <\/div>\n              <\/div>\n            <\/div>\n          \n        <\/div>\n      <\/div>\n  <\/section>\n\n\n\n<section class=\"text-white border-t border-gray-800\">\n    <div class=\"container flex flex-col items-center py-24\">\n      <div class=\"flex flex-col w-full max-w-6xl gap-20 text-appear\">\n\n                  <h2 class=\"font-serif italic break-words text-9xl xl:text-10xl hyphens\">Comprensible<\/h2>\n        \n        <div class=\"flex flex-col gap-28\">\n\n                      \n            <div class=\"grid items-center grid-cols-12 gap-x-4 gap-y-12 sm:gap-x-6\">\n              <div class=\"col-span-12 lg:col-span-6 flex \">\n                <div class=\"flex flex-col max-w-[424px] gap-7\">\n                                      <h3 class=\"font-serif text-6xl italic\">Le\u00edble<\/h3>\n                                                        <article class=\"text-xl\"><p><strong>El contenido es legible y comprensible.<\/strong><br \/>\nEl contenido del sitio web utiliza un lenguaje cercano y f\u00e1cil de entender.<\/p>\n<\/article>\n                                  <\/div>\n              <\/div>\n              <div class=\"flex col-span-12 lg:col-span-6  lg:justify-center \">\n                <div class=\"w-full max-w-lg\">\n                                      <img decoding=\"async\" width=\"1294\" height=\"540\" src=\"https:\/\/christiangarcia.cat\/app\/uploads\/2023\/03\/llegible.png\" class=\"w-full max-h-[280px] object-contain object-center\" alt=\"\" srcset=\"https:\/\/christiangarcia.cat\/app\/uploads\/2023\/03\/llegible.png 1294w, https:\/\/christiangarcia.cat\/app\/uploads\/2023\/03\/llegible-300x125.png 300w, https:\/\/christiangarcia.cat\/app\/uploads\/2023\/03\/llegible-1024x427.png 1024w, https:\/\/christiangarcia.cat\/app\/uploads\/2023\/03\/llegible-768x320.png 768w\" sizes=\"(max-width: 1294px) 100vw, 1294px\" \/>\n                                  <\/div>\n              <\/div>\n            <\/div>\n                      \n            <div class=\"grid items-center grid-cols-12 gap-x-4 gap-y-12 sm:gap-x-6\">\n              <div class=\"col-span-12 lg:col-span-6 flex  lg:justify-end \">\n                <div class=\"flex flex-col max-w-[424px] gap-7\">\n                                      <h3 class=\"font-serif text-6xl italic\">Asistencia de entrada<\/h3>\n                                                        <article class=\"text-xl\"><p><strong>Se proporcionan etiquetas o instrucciones cuando se requiere.<\/strong><br \/>\nEl usuario encuentra informaci\u00f3n descriptiva que le gu\u00eda a lo largo de todo el sitio web.<\/p>\n<\/article>\n                                  <\/div>\n              <\/div>\n              <div class=\"flex col-span-12 lg:col-span-6  lg:order-first \">\n                <div class=\"w-full max-w-lg\">\n                                      <img decoding=\"async\" width=\"1152\" height=\"584\" src=\"https:\/\/christiangarcia.cat\/app\/uploads\/2023\/03\/asistencia.png\" class=\"w-full max-h-[280px] object-contain object-center\" alt=\"\" srcset=\"https:\/\/christiangarcia.cat\/app\/uploads\/2023\/03\/asistencia.png 1152w, https:\/\/christiangarcia.cat\/app\/uploads\/2023\/03\/asistencia-300x152.png 300w, https:\/\/christiangarcia.cat\/app\/uploads\/2023\/03\/asistencia-1024x519.png 1024w, https:\/\/christiangarcia.cat\/app\/uploads\/2023\/03\/asistencia-768x389.png 768w\" sizes=\"(max-width: 1152px) 100vw, 1152px\" \/>\n                                  <\/div>\n              <\/div>\n            <\/div>\n                      \n            <div class=\"grid items-center grid-cols-12 gap-x-4 gap-y-12 sm:gap-x-6\">\n              <div class=\"col-span-12 lg:col-span-6 flex  lg:justify-end \">\n                <div class=\"flex flex-col max-w-[424px] gap-7\">\n                                                        <article class=\"text-xl\"><p><strong>Fuente Consultada: <\/strong><br \/>\nW3C, Web Accessibility Initiative (WAI), 2019, 4 de octubre. How to Meet WCAG (Quick Reference),<br \/>\n<a href=\"https:\/\/www.w3.org\/WAI\/WCAG21\/quickref\/?showtechniques=1412%2C148#top\">https:\/\/www.w3.org\/WAI\/WCAG21\/quickref\/?showtechniques=1412%2C148#top<\/a><\/p>\n<\/article>\n                                  <\/div>\n              <\/div>\n              <div class=\"flex col-span-12 lg:col-span-6  lg:order-first \">\n                <div class=\"w-full max-w-lg\">\n                                  <\/div>\n              <\/div>\n            <\/div>\n          \n        <\/div>\n      <\/div>\n  <\/section>\n\n","protected":false},"excerpt":{"rendered":"","protected":false},"author":1,"featured_media":0,"parent":0,"menu_order":0,"comment_status":"closed","ping_status":"closed","template":"template-content.blade.php","meta":{"_acf_changed":false,"footnotes":""},"class_list":["post-781","page","type-page","status-publish","hentry"],"acf":[],"yoast_head":"<title>El dise\u00f1o | Christian Garcia<\/title>\n<meta name=\"robots\" content=\"index, follow, max-snippet:-1, max-image-preview:large, max-video-preview:-1\" \/>\n<link rel=\"canonical\" href=\"https:\/\/christiangarcia.cat\/es\/el-diseno\/\" \/>\n<meta property=\"og:locale\" content=\"es_ES\" \/>\n<meta property=\"og:type\" content=\"article\" \/>\n<meta property=\"og:title\" content=\"El dise\u00f1o | Christian Garcia\" \/>\n<meta property=\"og:url\" content=\"https:\/\/christiangarcia.cat\/es\/el-diseno\/\" \/>\n<meta property=\"og:site_name\" content=\"Christian Garcia\" \/>\n<meta property=\"article:modified_time\" content=\"2023-03-29T09:17:08+00:00\" \/>\n<meta name=\"twitter:card\" content=\"summary_large_image\" \/>\n<script type=\"application\/ld+json\" class=\"yoast-schema-graph\">{\"@context\":\"https:\\\/\\\/schema.org\",\"@graph\":[{\"@type\":\"WebPage\",\"@id\":\"https:\\\/\\\/christiangarcia.cat\\\/es\\\/el-diseno\\\/\",\"url\":\"https:\\\/\\\/christiangarcia.cat\\\/es\\\/el-diseno\\\/\",\"name\":\"El dise\u00f1o | Christian Garcia\",\"isPartOf\":{\"@id\":\"https:\\\/\\\/christiangarcia.lndo.site\\\/#website\"},\"datePublished\":\"2023-01-24T14:14:57+00:00\",\"dateModified\":\"2023-03-29T09:17:08+00:00\",\"breadcrumb\":{\"@id\":\"https:\\\/\\\/christiangarcia.cat\\\/es\\\/el-diseno\\\/#breadcrumb\"},\"inLanguage\":\"es\",\"potentialAction\":[{\"@type\":\"ReadAction\",\"target\":[\"https:\\\/\\\/christiangarcia.cat\\\/es\\\/el-diseno\\\/\"]}]},{\"@type\":\"BreadcrumbList\",\"@id\":\"https:\\\/\\\/christiangarcia.cat\\\/es\\\/el-diseno\\\/#breadcrumb\",\"itemListElement\":[{\"@type\":\"ListItem\",\"position\":1,\"name\":\"Home\",\"item\":\"https:\\\/\\\/christiangarcia.cat\\\/es\\\/\"},{\"@type\":\"ListItem\",\"position\":2,\"name\":\"El dise\u00f1o\"}]},{\"@type\":\"WebSite\",\"@id\":\"https:\\\/\\\/christiangarcia.lndo.site\\\/#website\",\"url\":\"https:\\\/\\\/christiangarcia.lndo.site\\\/\",\"name\":\"Christian Garcia\",\"description\":\"\",\"publisher\":{\"@id\":\"https:\\\/\\\/christiangarcia.lndo.site\\\/#\\\/schema\\\/person\\\/c59fc7f39331fc14454f5dee2a427b67\"},\"potentialAction\":[{\"@type\":\"SearchAction\",\"target\":{\"@type\":\"EntryPoint\",\"urlTemplate\":\"https:\\\/\\\/christiangarcia.lndo.site\\\/?s={search_term_string}\"},\"query-input\":{\"@type\":\"PropertyValueSpecification\",\"valueRequired\":true,\"valueName\":\"search_term_string\"}}],\"inLanguage\":\"es\"},{\"@type\":[\"Person\",\"Organization\"],\"@id\":\"https:\\\/\\\/christiangarcia.lndo.site\\\/#\\\/schema\\\/person\\\/c59fc7f39331fc14454f5dee2a427b67\",\"name\":\"Christian Garcia\",\"image\":{\"@type\":\"ImageObject\",\"inLanguage\":\"es\",\"@id\":\"https:\\\/\\\/christiangarcia.cat\\\/app\\\/uploads\\\/2023\\\/02\\\/webClip-1.png\",\"url\":\"https:\\\/\\\/christiangarcia.cat\\\/app\\\/uploads\\\/2023\\\/02\\\/webClip-1.png\",\"contentUrl\":\"https:\\\/\\\/christiangarcia.cat\\\/app\\\/uploads\\\/2023\\\/02\\\/webClip-1.png\",\"width\":512,\"height\":512,\"caption\":\"Christian Garcia\"},\"logo\":{\"@id\":\"https:\\\/\\\/christiangarcia.cat\\\/app\\\/uploads\\\/2023\\\/02\\\/webClip-1.png\"},\"sameAs\":[\"https:\\\/\\\/christiangarcia.cat\\\/\",\"https:\\\/\\\/www.linkedin.com\\\/in\\\/christiangarciamontagut\\\/\",\"https:\\\/\\\/www.youtube.com\\\/@ChristianGarciaMontagut\",\"https:\\\/\\\/es.wikipedia.org\\\/wiki\\\/Christian_Garcia_i_Montagut\"]}]}<\/script>","yoast_head_json":{"title":"El dise\u00f1o | Christian Garcia","robots":{"index":"index","follow":"follow","max-snippet":"max-snippet:-1","max-image-preview":"max-image-preview:large","max-video-preview":"max-video-preview:-1"},"canonical":"https:\/\/christiangarcia.cat\/es\/el-diseno\/","og_locale":"es_ES","og_type":"article","og_title":"El dise\u00f1o | Christian Garcia","og_url":"https:\/\/christiangarcia.cat\/es\/el-diseno\/","og_site_name":"Christian Garcia","article_modified_time":"2023-03-29T09:17:08+00:00","twitter_card":"summary_large_image","schema":{"@context":"https:\/\/schema.org","@graph":[{"@type":"WebPage","@id":"https:\/\/christiangarcia.cat\/es\/el-diseno\/","url":"https:\/\/christiangarcia.cat\/es\/el-diseno\/","name":"El dise\u00f1o | Christian Garcia","isPartOf":{"@id":"https:\/\/christiangarcia.lndo.site\/#website"},"datePublished":"2023-01-24T14:14:57+00:00","dateModified":"2023-03-29T09:17:08+00:00","breadcrumb":{"@id":"https:\/\/christiangarcia.cat\/es\/el-diseno\/#breadcrumb"},"inLanguage":"es","potentialAction":[{"@type":"ReadAction","target":["https:\/\/christiangarcia.cat\/es\/el-diseno\/"]}]},{"@type":"BreadcrumbList","@id":"https:\/\/christiangarcia.cat\/es\/el-diseno\/#breadcrumb","itemListElement":[{"@type":"ListItem","position":1,"name":"Home","item":"https:\/\/christiangarcia.cat\/es\/"},{"@type":"ListItem","position":2,"name":"El dise\u00f1o"}]},{"@type":"WebSite","@id":"https:\/\/christiangarcia.lndo.site\/#website","url":"https:\/\/christiangarcia.lndo.site\/","name":"Christian Garcia","description":"","publisher":{"@id":"https:\/\/christiangarcia.lndo.site\/#\/schema\/person\/c59fc7f39331fc14454f5dee2a427b67"},"potentialAction":[{"@type":"SearchAction","target":{"@type":"EntryPoint","urlTemplate":"https:\/\/christiangarcia.lndo.site\/?s={search_term_string}"},"query-input":{"@type":"PropertyValueSpecification","valueRequired":true,"valueName":"search_term_string"}}],"inLanguage":"es"},{"@type":["Person","Organization"],"@id":"https:\/\/christiangarcia.lndo.site\/#\/schema\/person\/c59fc7f39331fc14454f5dee2a427b67","name":"Christian Garcia","image":{"@type":"ImageObject","inLanguage":"es","@id":"https:\/\/christiangarcia.cat\/app\/uploads\/2023\/02\/webClip-1.png","url":"https:\/\/christiangarcia.cat\/app\/uploads\/2023\/02\/webClip-1.png","contentUrl":"https:\/\/christiangarcia.cat\/app\/uploads\/2023\/02\/webClip-1.png","width":512,"height":512,"caption":"Christian Garcia"},"logo":{"@id":"https:\/\/christiangarcia.cat\/app\/uploads\/2023\/02\/webClip-1.png"},"sameAs":["https:\/\/christiangarcia.cat\/","https:\/\/www.linkedin.com\/in\/christiangarciamontagut\/","https:\/\/www.youtube.com\/@ChristianGarciaMontagut","https:\/\/es.wikipedia.org\/wiki\/Christian_Garcia_i_Montagut"]}]}},"_links":{"self":[{"href":"https:\/\/christiangarcia.cat\/es\/wp-json\/wp\/v2\/pages\/781","targetHints":{"allow":["GET"]}}],"collection":[{"href":"https:\/\/christiangarcia.cat\/es\/wp-json\/wp\/v2\/pages"}],"about":[{"href":"https:\/\/christiangarcia.cat\/es\/wp-json\/wp\/v2\/types\/page"}],"author":[{"embeddable":true,"href":"https:\/\/christiangarcia.cat\/es\/wp-json\/wp\/v2\/users\/1"}],"replies":[{"embeddable":true,"href":"https:\/\/christiangarcia.cat\/es\/wp-json\/wp\/v2\/comments?post=781"}],"version-history":[{"count":5,"href":"https:\/\/christiangarcia.cat\/es\/wp-json\/wp\/v2\/pages\/781\/revisions"}],"predecessor-version":[{"id":835,"href":"https:\/\/christiangarcia.cat\/es\/wp-json\/wp\/v2\/pages\/781\/revisions\/835"}],"wp:attachment":[{"href":"https:\/\/christiangarcia.cat\/es\/wp-json\/wp\/v2\/media?parent=781"}],"curies":[{"name":"wp","href":"https:\/\/api.w.org\/{rel}","templated":true}]}}